{"id":1364,"date":"2026-02-13T11:41:33","date_gmt":"2026-02-13T11:41:33","guid":{"rendered":"https:\/\/ricorsnipp.com\/?page_id=1364"},"modified":"2026-02-17T13:57:50","modified_gmt":"2026-02-17T13:57:50","slug":"contatti","status":"publish","type":"page","link":"https:\/\/ricorsnipp.com\/?page_id=1364","title":{"rendered":"Contatti"},"content":{"rendered":"<p>Questo sito \u00e8 di propriet\u00e0 di Ricorsnipp SRLs. Ci impegniamo a fornire informazioni aggiornate e utili ai nostri utenti.<\/p>\n<p>Nome della societ\u00e0: Ricorsnipp SRLs<br \/>\nIndirizzo legale: Piazza Gian Battista Vico, 58, 80137 Napoli NA, Italia<br \/>\nEmail: <a href=\"mailto:info@ricorsnipp.com\">info@ricorsnipp.com<\/a><br \/>\nTelefono: <a href=\"tel:+393713035388\">+393713035388<\/a><br \/>\nAmministratore delegato: Efrem Lalama<br \/>\nVAT: IT452296796<br \/>\nNome dell\u2019ente di registrazione: Studio legale Pulli<br \/>\nIndirizzo dell\u2019ente di registrazione: Via Luca Samuele Cagnazzi, 3, 80136 Napoli NA, Italia<\/p>\n<p><b>Responsabilit\u00e0 dei contenuti:<\/b><br \/>\nNon siamo responsabili del contenuto dei link a siti web di terzi che possono essere disponibili sul nostro sito. Ogni responsabilit\u00e0 per il contenuto di tali link ricade sui rispettivi proprietari. Non siamo responsabili di eventuali danni, diretti o indiretti, derivanti dall&#8217;uso delle informazioni fornite sul nostro sito.<\/p>\n<p><b>Copyright:<\/b><br \/>\nTutto il materiale presente sul nostro sito web, compresi testi, immagini, grafica, design e software, \u00e8 protetto da copyright. Ne \u00e8 vietato l&#8217;uso o la distribuzione senza l&#8217;autorizzazione del titolare del copyright.<\/p>\n<p><b>Informazioni di contatto:<\/b><br \/>\nIn caso di domande o commenti relativi al nostro sito web o alla nostra azienda, si prega di contattarci utilizzando le informazioni di contatto elencate sopra.<\/p>\n<p><b>Informativa sulla privacy:<\/b><br \/>\nRispettiamo la vostra privacy e proteggiamo le vostre informazioni personali. Per ulteriori informazioni, consultare la nostra politica sulla privacy.<\/p>\n","protected":false},"excerpt":{"rendered":"<p>Questo sito \u00e8 di propriet\u00e0 di Ricorsnipp SRLs. Ci impegniamo a fornire informazioni aggiornate e utili ai nostri utenti. Nome della societ\u00e0: Ricorsnipp SRLs Indirizzo legale: Piazza Gian Battista Vico,&hellip;<\/p>\n","protected":false},"author":1,"featured_media":0,"parent":0,"menu_order":0,"comment_status":"closed","ping_status":"closed","template":"","meta":{"footnotes":""},"class_list":["post-1364","page","type-page","status-publish","hentry"],"_links":{"self":[{"href":"https:\/\/ricorsnipp.com\/index.php?rest_route=\/wp\/v2\/pages\/1364","targetHints":{"allow":["GET"]}}],"collection":[{"href":"https:\/\/ricorsnipp.com\/index.php?rest_route=\/wp\/v2\/pages"}],"about":[{"href":"https:\/\/ricorsnipp.com\/index.php?rest_route=\/wp\/v2\/types\/page"}],"author":[{"embeddable":true,"href":"https:\/\/ricorsnipp.com\/index.php?rest_route=\/wp\/v2\/users\/1"}],"replies":[{"embeddable":true,"href":"https:\/\/ricorsnipp.com\/index.php?rest_route=%2Fwp%2Fv2%2Fcomments&post=1364"}],"version-history":[{"count":2,"href":"https:\/\/ricorsnipp.com\/index.php?rest_route=\/wp\/v2\/pages\/1364\/revisions"}],"predecessor-version":[{"id":1415,"href":"https:\/\/ricorsnipp.com\/index.php?rest_route=\/wp\/v2\/pages\/1364\/revisions\/1415"}],"wp:attachment":[{"href":"https:\/\/ricorsnipp.com\/index.php?rest_route=%2Fwp%2Fv2%2Fmedia&parent=1364"}],"curies":[{"name":"wp","href":"https:\/\/api.w.org\/{rel}","templated":true}]}}